{"id":50,"date":"2025-04-26T03:40:31","date_gmt":"2025-04-26T03:40:31","guid":{"rendered":"https:\/\/stemcellinnovation.com.vn\/stem-cell-summer-2025\/?page_id=50"},"modified":"2025-05-28T06:37:37","modified_gmt":"2025-05-28T06:37:37","slug":"stage-1","status":"publish","type":"page","link":"https:\/\/stemcellinnovation.com.vn\/stem-cell-summer-2025\/schedule\/stage-1\/","title":{"rendered":"\u0110\u0102NG K\u00dd THAM GIA CH\u01af\u01a0NG TR\u00ccNH STEM CELL SUMMER 2025"},"content":{"rendered":"\n<div class=\"wp-block-group alignwide has-global-padding is-layout-constrained wp-block-group-is-layout-constrained\">\n<div class=\"wp-block-columns alignwide is-layout-flex wp-container-core-columns-is-layout-658170e2 wp-block-columns-is-layout-flex\">\n<div class=\"wp-block-column has-background is-layout-flow wp-block-column-is-layout-flow\" style=\"border-radius:0.5rem;background-color:#59abc917;padding-top:var(--wp--preset--spacing--30);padding-right:var(--wp--preset--spacing--30);padding-bottom:var(--wp--preset--spacing--30);padding-left:var(--wp--preset--spacing--30);flex-basis:50%\">\n<div class=\"wp-block-group is-vertical is-content-justification-center is-nowrap is-layout-flex wp-container-core-group-is-layout-54be60bd wp-block-group-is-layout-flex\">\n<div class=\"wp-block-columns is-layout-flex wp-container-core-columns-is-layout-658170e2 wp-block-columns-is-layout-flex\">\n<div class=\"wp-block-column is-layout-flow wp-block-column-is-layout-flow\" style=\"flex-basis:12rem\">\n<figure class=\"wp-block-image size-large has-custom-border\"><img decoding=\"async\" src=\"https:\/\/stemcellinnovation.com.vn\/wp-content\/uploads\/2023\/08\/Summer.png\" alt=\"\" style=\"border-radius:0.5rem;object-fit:cover\"\/><\/figure>\n<\/div>\n\n\n\n<div class=\"wp-block-column is-layout-flow wp-container-core-column-is-layout-8a368f38 wp-block-column-is-layout-flow\">\n<p><strong>Stem Cell Summer Tour<\/strong> l\u00e0 ch\u01b0\u01a1ng tr\u00ecnh tham quan nh\u1eb1m gi\u1edbi thi\u1ec7u cho h\u1ecdc sinh, sinh vi\u00ean s\u01a1 l\u01b0\u1ee3c v\u1ec1 l\u1ecbch s\u1eed h\u00ecnh th\u00e0nh, c\u00e1c ho\u1ea1t \u0111\u1ed9ng nghi\u00ean c\u1ee9u v\u00e0 c\u00e1c s\u1ea3n ph\u1ea9m nghi\u00ean c\u1ee9u \u0111\u00e3 \u0111\u01b0\u1ee3c \u1ee9ng d\u1ee5ng c\u1ee7a Vi\u1ec7n T\u1ebf b\u00e0o g\u1ed1c.<\/p>\n<\/div>\n<\/div>\n<\/div>\n\n\n\n<div class=\"wp-block-buttons is-layout-flex wp-block-buttons-is-layout-flex\">\n<div class=\"wp-block-button\"><a class=\"wp-block-button__link has-background has-medium-font-size has-text-align-center has-custom-font-size wp-element-button\" href=\"https:\/\/stemcellinstitute.wufoo.com\/forms\/mzdiqib1tn2try\/\" style=\"border-radius:0.5rem;background-color:#22b14c;padding-top:var(--wp--preset--spacing--20);padding-right:var(--wp--preset--spacing--30);padding-bottom:var(--wp--preset--spacing--20);padding-left:var(--wp--preset--spacing--30);text-transform:none\">\u0110\u0103ng k\u00fd<\/a><\/div>\n<\/div>\n<\/div>\n\n\n\n<div class=\"wp-block-column has-background is-layout-flow wp-block-column-is-layout-flow\" style=\"border-radius:0.5rem;background-color:#ff7d2617;padding-top:var(--wp--preset--spacing--30);padding-right:var(--wp--preset--spacing--30);padding-bottom:var(--wp--preset--spacing--30);padding-left:var(--wp--preset--spacing--30);flex-basis:50%\">\n<div class=\"wp-block-group is-vertical is-content-justification-center is-layout-flex wp-container-core-group-is-layout-ce155fab wp-block-group-is-layout-flex\">\n<div class=\"wp-block-columns is-layout-flex wp-container-core-columns-is-layout-658170e2 wp-block-columns-is-layout-flex\">\n<div class=\"wp-block-column is-layout-flow wp-block-column-is-layout-flow\" style=\"flex-basis:12rem\">\n<figure class=\"wp-block-image size-large has-custom-border\"><img decoding=\"async\" src=\"https:\/\/stemcellinnovation.com.vn\/wp-content\/uploads\/2023\/08\/Summer-1.png\" alt=\"\" style=\"border-radius:0.5rem;object-fit:cover\"\/><\/figure>\n<\/div>\n\n\n\n<div class=\"wp-block-column is-layout-flow wp-container-core-column-is-layout-8a368f38 wp-block-column-is-layout-flow\">\n<p class=\"has-medium-font-size\"><strong>Stem Cell Summer School<\/strong> l\u00e0 ho\u1ea1t \u0111\u1ed9ng th\u1ef1c t\u1eadp gi\u00fap c\u00e1c b\u1ea1n h\u1ecdc sinh v\u00e0 sinh vi\u00ean c\u00f3 c\u01a1 h\u1ed9i tr\u1ea3i nghi\u1ec7m c\u00f4ng vi\u1ec7c c\u1ee7a m\u1ed9t nh\u00e0 nghi\u00ean c\u1ee9u khoa h\u1ecdc trong v\u00f2ng m\u1ed9t th\u00e1ng t\u1ea1i PTN hi\u1ec7n \u0111\u1ea1i c\u1ee7a Vi\u1ec7n T\u1ebf b\u00e0o g\u1ed1c.<\/p>\n<\/div>\n<\/div>\n<\/div>\n\n\n\n<div class=\"wp-block-buttons is-layout-flex wp-block-buttons-is-layout-flex\">\n<div class=\"wp-block-button\"><a class=\"wp-block-button__link has-background has-medium-font-size has-custom-font-size wp-element-button\" href=\"https:\/\/stemcellinstitute.wufoo.com\/forms\/m1jnqjh60c79mlu\/\" style=\"border-radius:0.5rem;background-color:#22b14c;padding-top:var(--wp--preset--spacing--20);padding-right:var(--wp--preset--spacing--30);padding-bottom:var(--wp--preset--spacing--20);padding-left:var(--wp--preset--spacing--30);text-transform:none\">\u0110\u0103ng k\u00fd<\/a><\/div>\n<\/div>\n<\/div>\n<\/div>\n<\/div>\n","protected":false},"excerpt":{"rendered":"<p>Stem Cell Summer Tour l\u00e0 ch\u01b0\u01a1ng tr\u00ecnh tham quan nh\u1eb1m gi\u1edbi thi\u1ec7u cho h\u1ecdc sinh, sinh vi\u00ean s\u01a1 l\u01b0\u1ee3c v\u1ec1 l\u1ecbch s\u1eed h\u00ecnh th\u00e0nh, c\u00e1c ho\u1ea1t \u0111\u1ed9ng nghi\u00ean c\u1ee9u v\u00e0 c\u00e1c s\u1ea3n ph\u1ea9m nghi\u00ean c\u1ee9u \u0111\u00e3 \u0111\u01b0\u1ee3c \u1ee9ng d\u1ee5ng c\u1ee7a Vi\u1ec7n T\u1ebf b\u00e0o g\u1ed1c. Stem Cell Summer School l\u00e0 ho\u1ea1t \u0111\u1ed9ng th\u1ef1c t\u1eadp gi\u00fap c\u00e1c [&hellip;]<\/p>\n","protected":false},"author":1,"featured_media":0,"parent":48,"menu_order":0,"comment_status":"closed","ping_status":"closed","template":"page-standard","meta":{"footnotes":""},"class_list":["post-50","page","type-page","status-publish","hentry"],"_links":{"self":[{"href":"https:\/\/stemcellinnovation.com.vn\/stem-cell-summer-2025\/wp-json\/wp\/v2\/pages\/50","targetHints":{"allow":["GET"]}}],"collection":[{"href":"https:\/\/stemcellinnovation.com.vn\/stem-cell-summer-2025\/wp-json\/wp\/v2\/pages"}],"about":[{"href":"https:\/\/stemcellinnovation.com.vn\/stem-cell-summer-2025\/wp-json\/wp\/v2\/types\/page"}],"author":[{"embeddable":true,"href":"https:\/\/stemcellinnovation.com.vn\/stem-cell-summer-2025\/wp-json\/wp\/v2\/users\/1"}],"replies":[{"embeddable":true,"href":"https:\/\/stemcellinnovation.com.vn\/stem-cell-summer-2025\/wp-json\/wp\/v2\/comments?post=50"}],"version-history":[{"count":14,"href":"https:\/\/stemcellinnovation.com.vn\/stem-cell-summer-2025\/wp-json\/wp\/v2\/pages\/50\/revisions"}],"predecessor-version":[{"id":180,"href":"https:\/\/stemcellinnovation.com.vn\/stem-cell-summer-2025\/wp-json\/wp\/v2\/pages\/50\/revisions\/180"}],"up":[{"embeddable":true,"href":"https:\/\/stemcellinnovation.com.vn\/stem-cell-summer-2025\/wp-json\/wp\/v2\/pages\/48"}],"wp:attachment":[{"href":"https:\/\/stemcellinnovation.com.vn\/stem-cell-summer-2025\/wp-json\/wp\/v2\/media?parent=50"}],"curies":[{"name":"wp","href":"https:\/\/api.w.org\/{rel}","templated":true}]}}