{"id":20,"date":"2024-07-31T02:37:08","date_gmt":"2024-07-31T02:37:08","guid":{"rendered":"https:\/\/stemcellinnovation.com.vn\/2024\/?page_id=20"},"modified":"2024-12-07T11:21:39","modified_gmt":"2024-12-07T04:21:39","slug":"giai-thuong","status":"publish","type":"page","link":"https:\/\/stemcellinnovation.com.vn\/2024\/giai-thuong\/","title":{"rendered":"GI\u1ea2I TH\u01af\u1edeNG"},"content":{"rendered":"\n<div class=\"wp-block-group alignwide has-global-padding is-layout-constrained wp-block-group-is-layout-constrained\">\n<figure data-wp-context=\"{&quot;imageId&quot;:&quot;69f3fc5e940cc&quot;}\" data-wp-interactive=\"core\/image\" class=\"wp-block-image aligncenter size-full is-resized wp-lightbox-container\"><img loading=\"lazy\" decoding=\"async\" width=\"1528\" height=\"1281\" data-wp-class--hide=\"state.isContentHidden\" data-wp-class--show=\"state.isContentVisible\" data-wp-init=\"callbacks.setButtonStyles\" data-wp-on-async--click=\"actions.showLightbox\" data-wp-on-async--load=\"callbacks.setButtonStyles\" data-wp-on-async-window--resize=\"callbacks.setButtonStyles\" src=\"https:\/\/stemcellinnovation.com.vn\/2024\/wp-content\/uploads\/sites\/12\/2024\/08\/truyen-thong-chung-ket.png\" alt=\"\" class=\"wp-image-131\" style=\"width:339px\" srcset=\"https:\/\/stemcellinnovation.com.vn\/2024\/wp-content\/uploads\/sites\/12\/2024\/08\/truyen-thong-chung-ket.png 1528w, https:\/\/stemcellinnovation.com.vn\/2024\/wp-content\/uploads\/sites\/12\/2024\/08\/truyen-thong-chung-ket-300x252.png 300w, https:\/\/stemcellinnovation.com.vn\/2024\/wp-content\/uploads\/sites\/12\/2024\/08\/truyen-thong-chung-ket-1024x858.png 1024w, https:\/\/stemcellinnovation.com.vn\/2024\/wp-content\/uploads\/sites\/12\/2024\/08\/truyen-thong-chung-ket-768x644.png 768w\" sizes=\"auto, (max-width: 1528px) 100vw, 1528px\" \/><button\n\t\t\tclass=\"lightbox-trigger\"\n\t\t\ttype=\"button\"\n\t\t\taria-haspopup=\"dialog\"\n\t\t\taria-label=\"Enlarge\"\n\t\t\tdata-wp-init=\"callbacks.initTriggerButton\"\n\t\t\tdata-wp-on-async--click=\"actions.showLightbox\"\n\t\t\tdata-wp-style--right=\"state.imageButtonRight\"\n\t\t\tdata-wp-style--top=\"state.imageButtonTop\"\n\t\t>\n\t\t\t<svg xmlns=\"http:\/\/www.w3.org\/2000\/svg\" width=\"12\" height=\"12\" fill=\"none\" viewBox=\"0 0 12 12\">\n\t\t\t\t<path fill=\"#fff\" d=\"M2 0a2 2 0 0 0-2 2v2h1.5V2a.5.5 0 0 1 .5-.5h2V0H2Zm2 10.5H2a.5.5 0 0 1-.5-.5V8H0v2a2 2 0 0 0 2 2h2v-1.5ZM8 12v-1.5h2a.5.5 0 0 0 .5-.5V8H12v2a2 2 0 0 1-2 2H8Zm2-12a2 2 0 0 1 2 2v2h-1.5V2a.5.5 0 0 0-.5-.5H8V0h2Z\" \/>\n\t\t\t<\/svg>\n\t\t<\/button><\/figure>\n\n\n\n<div class=\"wp-block-group alignwide has-global-padding is-layout-constrained wp-block-group-is-layout-constrained\">\n<h2 class=\"wp-block-heading alignwide has-text-align-center has-background\" style=\"background:radial-gradient(rgb(255,228,23) 12%,rgba(255,255,255,0) 53%)\">Gi\u1ea3i th\u01b0\u1edfng ch\u00ednh<\/h2>\n\n\n\n<div class=\"wp-block-group has-global-padding is-layout-constrained wp-block-group-is-layout-constrained\">\n<p class=\"has-text-align-center has-chivo-font-family has-large-font-size\" style=\"text-transform:uppercase\"><strong><mark style=\"background-color:rgba(0, 0, 0, 0);color:#ff0b0b\" class=\"has-inline-color\">01 gi\u1ea3i nh\u1ea5t<\/mark><\/strong><\/p>\n\n\n\n<ul class=\"wp-block-list\">\n<li>T\u1ed5ng gi\u00e1 tr\u1ecb gi\u1ea3i th\u01b0\u1edfng h\u01a1n <mark style=\"background-color:rgba(0, 0, 0, 0);color:#ff0000\" class=\"has-inline-color\"><strong>75 tri\u1ec7u \u0111\u1ed3ng<\/strong> <\/mark>g\u1ed3m 30 tri\u1ec7u \u0111\u1ed3ng ti\u1ec1n th\u01b0\u1edfng + Kh\u00f3a h\u1ecdc nu\u00f4i c\u1ea5y t\u1ebf b\u00e0o g\u1ed1c (15 tri\u1ec7u \u0111\u1ed3ng\/ kh\u00f3a) cho c\u1ea3 3 th\u00ed sinh + c\u00e1c ph\u1ea7n qu\u00e0 t\u1eeb nh\u00e0 t\u00e0i tr\u1ee3<\/li>\n\n\n\n<li>Gi\u1ea5y ch\u1ee9ng nh\u1eadn <strong>gi\u1ea3i nh\u1ea5t<\/strong> \u0111\u01b0\u1ee3c c\u1ea5p b\u1edfi Vi\u1ec7n T\u1ebf b\u00e0o g\u1ed1c, Tr\u01b0\u1eddng \u0110H Khoa h\u1ecdc t\u1ef1 nhi\u00ean, \u0110HQ<\/li>\n\n\n\n<li>01 C\u00fap t\u00f4n vinh \u00fd t\u01b0\u1edfng s\u00e1ng t\u1ea1o t\u1ebf b\u00e0o g\u1ed1c l\u1ea7n 9 &#8211; n\u0103m 2024<\/li>\n\n\n\n<li>T\u1ea5t c\u1ea3 c\u00e1c th\u00e0nh vi\u00ean c\u1ee7a c\u00e1c \u0111\u1ed9i s\u1ebd \u0111\u01b0\u1ee3c nh\u1eadn h\u1ecdc b\u1ed5ng to\u00e0n ph\u1ea7n l\u00e0m \u0111\u1ec1 t\u00e0i C\u1eed nh\u00e2n ho\u1eb7c Th\u1ea1c s\u0129 t\u1ea1i Vi\u1ec7n T\u1ebf b\u00e0o g\u1ed1c.<\/li>\n<\/ul>\n<\/div>\n\n\n\n<div class=\"wp-block-group has-global-padding is-layout-constrained wp-block-group-is-layout-constrained\">\n<p class=\"has-text-align-center has-chivo-font-family has-large-font-size\" style=\"text-transform:uppercase\"><strong><mark style=\"background-color:rgba(0, 0, 0, 0);color:#ff0b0b\" class=\"has-inline-color\">01 gi\u1ea3i nh\u00ec<\/mark><\/strong><\/p>\n\n\n\n<ul class=\"wp-block-list\">\n<li>T\u1ed5ng gi\u00e1 tr\u1ecb gi\u1ea3i th\u01b0\u1edfng h\u01a1n <strong><mark style=\"background-color:rgba(0, 0, 0, 0);color:#ff0000\" class=\"has-inline-color\">35 tri\u1ec7u \u0111\u1ed3ng<\/mark><\/strong> g\u1ed3m 20 tri\u1ec7u \u0111\u1ed3ng ti\u1ec1n th\u01b0\u1edfng + Kh\u00f3a h\u1ecdc nu\u00f4i c\u1ea5y t\u1ebf b\u00e0o \u0111\u1ed9ng v\u1eadt (5 tri\u1ec7u \u0111\u1ed3ng\/ kh\u00f3a) cho c\u1ea3 3 th\u00ed sinh + c\u00e1c ph\u1ea7n qu\u00e0 t\u1eeb nh\u00e0 t\u00e0i tr\u1ee3<\/li>\n\n\n\n<li>Gi\u1ea5y ch\u1ee9ng nh\u1eadn <strong>gi\u1ea3i nh\u00ec<\/strong> \u0111\u01b0\u1ee3c c\u1ea5p b\u1edfi Vi\u1ec7n T\u1ebf b\u00e0o g\u1ed1c, Tr\u01b0\u1eddng \u0110H Khoa h\u1ecdc t\u1ef1 nhi\u00ean, \u0110HQG-HCM<\/li>\n\n\n\n<li>01 k\u1ec9 ni\u1ec7m ch\u01b0\u01a1ng cu\u1ed9c thi s\u00e1ng t\u1ea1o t\u1ebf b\u00e0o g\u1ed1c l\u1ea7n 9 &#8211; n\u0103m 2024<\/li>\n\n\n\n<li>T\u1ea5t c\u1ea3 c\u00e1c th\u00e0nh vi\u00ean c\u1ee7a c\u00e1c \u0111\u1ed9i s\u1ebd \u0111\u01b0\u1ee3c nh\u1eadn h\u1ecdc b\u1ed5ng to\u00e0n ph\u1ea7n l\u00e0m \u0111\u1ec1 t\u00e0i C\u1eed nh\u00e2n ho\u1eb7c Th\u1ea1c s\u0129 t\u1ea1i Vi\u1ec7n T\u1ebf b\u00e0o g\u1ed1c.<\/li>\n<\/ul>\n<\/div>\n\n\n\n<div class=\"wp-block-group has-global-padding is-layout-constrained wp-block-group-is-layout-constrained\">\n<p class=\"has-text-align-center has-chivo-font-family has-large-font-size\" style=\"text-transform:uppercase\"><strong><mark style=\"background-color:rgba(0, 0, 0, 0);color:#ff0b0b\" class=\"has-inline-color\">01 gi\u1ea3i ba<\/mark><\/strong><\/p>\n\n\n\n<ul class=\"wp-block-list\">\n<li>T\u1ed5ng gi\u00e1 tr\u1ecb gi\u1ea3i th\u01b0\u1edfng h\u01a1n <strong><mark style=\"background-color:rgba(0, 0, 0, 0);color:#ff0505\" class=\"has-inline-color\">25 tri\u1ec7u \u0111\u1ed3ng<\/mark><\/strong> g\u1ed3m 10 tri\u1ec7u \u0111\u1ed3ng ti\u1ec1n th\u01b0\u1edfng + Kh\u00f3a h\u1ecdc nu\u00f4i c\u1ea5y t\u1ebf b\u00e0o \u0111\u1ed9ng v\u1eadt (5 tri\u1ec7u \u0111\u1ed3ng\/ kh\u00f3a) cho c\u1ea3 3 th\u00ed sinh + c\u00e1c ph\u1ea7n qu\u00e0 t\u1eeb nh\u00e0 t\u00e0i tr\u1ee3<\/li>\n\n\n\n<li>Gi\u1ea5y ch\u1ee9ng nh\u1eadn <strong>gi\u1ea3i ba<\/strong> \u0111\u01b0\u1ee3c c\u1ea5p b\u1edfi Vi\u1ec7n T\u1ebf b\u00e0o g\u1ed1c, Tr\u01b0\u1eddng \u0110H Khoa h\u1ecdc t\u1ef1 nhi\u00ean, \u0110HQG-HCM<\/li>\n\n\n\n<li>01 k\u1ec9 ni\u1ec7m ch\u01b0\u01a1ng cu\u1ed9c thi s\u00e1ng t\u1ea1o t\u1ebf b\u00e0o g\u1ed1c l\u1ea7n 9 &#8211; n\u0103m 2024<\/li>\n\n\n\n<li>T\u1ea5t c\u1ea3 c\u00e1c th\u00e0nh vi\u00ean c\u1ee7a c\u00e1c \u0111\u1ed9i s\u1ebd \u0111\u01b0\u1ee3c nh\u1eadn h\u1ecdc b\u1ed5ng to\u00e0n ph\u1ea7n l\u00e0m \u0111\u1ec1 t\u00e0i C\u1eed nh\u00e2n ho\u1eb7c Th\u1ea1c s\u0129 t\u1ea1i Vi\u1ec7n T\u1ebf b\u00e0o g\u1ed1c.<\/li>\n<\/ul>\n<\/div>\n\n\n\n<div class=\"wp-block-group has-global-padding is-layout-constrained wp-block-group-is-layout-constrained\">\n<p class=\"has-text-align-center has-chivo-font-family has-large-font-size\" style=\"text-transform:uppercase\"><strong><mark style=\"background-color:rgba(0, 0, 0, 0);color:#ff0b0b\" class=\"has-inline-color\">05 gi\u1ea3i khuy\u1ebfn kh\u00edch<\/mark><\/strong><\/p>\n\n\n\n<ul class=\"wp-block-list\">\n<li>T\u1ed5ng gi\u00e1 tr\u1ecb gi\u1ea3i th\u01b0\u1edfng h\u01a1n <strong><mark style=\"background-color:rgba(0, 0, 0, 0);color:#ff1212\" class=\"has-inline-color\">9.5 tri\u1ec7u \u0111\u1ed3ng<\/mark><\/strong> g\u1ed3m 2 tri\u1ec7u \u0111\u1ed3ng ti\u1ec1n th\u01b0\u1edfng + voucher gi\u1ea3m 50% Kh\u00f3a h\u1ecdc nu\u00f4i c\u1ea5y t\u1ebf b\u00e0o \u0111\u1ed9ng v\u1eadt (5 tri\u1ec7u \u0111\u1ed3ng\/kh\u00f3a) cho c\u1ea3 3 h\u1ecdc vi\u00ean + c\u00e1c ph\u1ea7n qu\u00e0 t\u1eeb nh\u00e0 t\u00e0i tr\u1ee3<\/li>\n\n\n\n<li>Gi\u1ea5y ch\u1ee9ng nh\u1eadn <strong>v\u00e0o v\u00f2ng chung k\u1ebft<\/strong> \u0111\u01b0\u1ee3c c\u1ea5p b\u1edfi Vi\u1ec7n T\u1ebf b\u00e0o g\u1ed1c, Tr\u01b0\u1eddng \u0110H Khoa h\u1ecdc t\u1ef1 nhi\u00ean, \u0110HQG-HCM<\/li>\n<\/ul>\n<\/div>\n<\/div>\n\n\n\n<div class=\"wp-block-group alignwide has-global-padding is-layout-constrained wp-block-group-is-layout-constrained\">\n<h2 class=\"wp-block-heading alignwide has-text-align-center has-background\" style=\"background:radial-gradient(rgb(247,214,117) 0%,rgba(255,255,255,0) 54%)\">Gi\u1ea3i th\u01b0\u1edfng ph\u1ee5<\/h2>\n\n\n\n<div class=\"wp-block-group has-global-padding is-layout-constrained wp-block-group-is-layout-constrained\">\n<p class=\"has-text-align-center\"><strong>02 Gi\u1ea3i Y\u00eau th\u00edch: 1.000.000 VN\u0110\/\u0111\u1ed9i<\/strong><\/p>\n\n\n\n<p class=\"has-text-align-center\"><em>D\u00e0nh \u0111\u1ed9i thi c\u00f3 video d\u1ef1 thi V\u00f2ng 03 \u0111\u01b0\u1ee3c b\u00ecnh ch\u1ecdn cao nh\u1ea5t \u1edf m\u1ed7i B\u1ea3ng \u0111\u1ea5u<\/em><\/p>\n<\/div>\n\n\n\n<hr class=\"wp-block-separator has-alpha-channel-opacity\"\/>\n\n\n\n<div class=\"wp-block-group has-global-padding is-layout-constrained wp-block-group-is-layout-constrained\">\n<p class=\"has-text-align-center\"><strong>02 Gi\u1ea3i Uy\u00ean b\u00e1c: 1.000.000 VN\u0110\/\u0111\u1ed9i<\/strong><\/p>\n\n\n\n<p class=\"has-text-align-center\"><em>D\u00e0nh cho \u0111\u1ed9i thi c\u00f3 t\u1ed5ng s\u1ed1 \u0111i\u1ec3m V\u00f2ng 1 v\u00e0 V\u00f2ng 2 cao nh\u1ea5t \u1edf m\u1ed7i B\u1ea3ng \u0111\u1ea5u<\/em><\/p>\n<\/div>\n\n\n\n<hr class=\"wp-block-separator has-alpha-channel-opacity\"\/>\n\n\n\n<div class=\"wp-block-group has-global-padding is-layout-constrained wp-block-group-is-layout-constrained\">\n<p class=\"has-text-align-center\"><strong>02 Gi\u1ea3i K\u1ef9 n\u0103ng: 1.000.000 VN\u0110\/\u0111\u1ed9i<\/strong><\/p>\n\n\n\n<p class=\"has-text-align-center\">D\u00e0nh \u0111\u1ed9i thi c\u00f3 k\u1ef9 n\u0103ng, thao t\u00e1c th\u1ef1c hi\u1ec7n th\u00ed nghi\u1ec7m t\u1ed1t nh\u1ea5t <br>\u1edf m\u1ed7i B\u1ea3ng \u0111\u1ea5u th\u00f4ng qua video \u1edf V\u00f2ng 3<\/p>\n<\/div>\n<\/div>\n<\/div>\n","protected":false},"excerpt":{"rendered":"<p>Gi\u1ea3i th\u01b0\u1edfng ch\u00ednh 01 gi\u1ea3i nh\u1ea5t 01 gi\u1ea3i nh\u00ec 01 gi\u1ea3i ba 05 gi\u1ea3i khuy\u1ebfn kh\u00edch Gi\u1ea3i th\u01b0\u1edfng ph\u1ee5 02 Gi\u1ea3i Y\u00eau th\u00edch: 1.000.000 VN\u0110\/\u0111\u1ed9i D\u00e0nh \u0111\u1ed9i thi c\u00f3 video d\u1ef1 thi V\u00f2ng 03 \u0111\u01b0\u1ee3c b\u00ecnh ch\u1ecdn cao nh\u1ea5t \u1edf m\u1ed7i B\u1ea3ng \u0111\u1ea5u 02 Gi\u1ea3i Uy\u00ean b\u00e1c: 1.000.000 VN\u0110\/\u0111\u1ed9i D\u00e0nh cho \u0111\u1ed9i thi c\u00f3 t\u1ed5ng [&hellip;]<\/p>\n","protected":false},"author":1,"featured_media":0,"parent":0,"menu_order":0,"comment_status":"closed","ping_status":"closed","template":"custom-without-title","meta":{"_eb_attr":"","footnotes":""},"class_list":["post-20","page","type-page","status-publish","hentry"],"jetpack-related-posts":[],"jetpack_sharing_enabled":true,"_links":{"self":[{"href":"https:\/\/stemcellinnovation.com.vn\/2024\/wp-json\/wp\/v2\/pages\/20","targetHints":{"allow":["GET"]}}],"collection":[{"href":"https:\/\/stemcellinnovation.com.vn\/2024\/wp-json\/wp\/v2\/pages"}],"about":[{"href":"https:\/\/stemcellinnovation.com.vn\/2024\/wp-json\/wp\/v2\/types\/page"}],"author":[{"embeddable":true,"href":"https:\/\/stemcellinnovation.com.vn\/2024\/wp-json\/wp\/v2\/users\/1"}],"replies":[{"embeddable":true,"href":"https:\/\/stemcellinnovation.com.vn\/2024\/wp-json\/wp\/v2\/comments?post=20"}],"version-history":[{"count":15,"href":"https:\/\/stemcellinnovation.com.vn\/2024\/wp-json\/wp\/v2\/pages\/20\/revisions"}],"predecessor-version":[{"id":409,"href":"https:\/\/stemcellinnovation.com.vn\/2024\/wp-json\/wp\/v2\/pages\/20\/revisions\/409"}],"wp:attachment":[{"href":"https:\/\/stemcellinnovation.com.vn\/2024\/wp-json\/wp\/v2\/media?parent=20"}],"curies":[{"name":"wp","href":"https:\/\/api.w.org\/{rel}","templated":true}]}}