{"id":18,"date":"2024-07-31T02:36:56","date_gmt":"2024-07-31T02:36:56","guid":{"rendered":"https:\/\/stemcellinnovation.com.vn\/2024\/?page_id=18"},"modified":"2024-12-07T11:17:22","modified_gmt":"2024-12-07T04:17:22","slug":"the-le","status":"publish","type":"page","link":"https:\/\/stemcellinnovation.com.vn\/2024\/the-le\/","title":{"rendered":"TH\u1ec2 L\u1ec6"},"content":{"rendered":"\n<div class=\"wp-block-group alignwide has-global-padding is-layout-constrained wp-block-group-is-layout-constrained\">\n<div class=\"wp-block-columns alignwide is-layout-flex wp-container-core-columns-is-layout-28f84493 wp-block-columns-is-layout-flex\">\n<div class=\"wp-block-column is-layout-flow wp-block-column-is-layout-flow\" style=\"flex-basis:50%\">\n<div class=\"wp-block-group has-global-padding is-layout-constrained wp-container-core-group-is-layout-19e250f3 wp-block-group-is-layout-constrained\">\n<h2 class=\"wp-block-heading has-text-align-center has-text-color has-link-color has-large-font-size wp-elements-358d66cf4b03f2599b354efd021605fc\" style=\"color:#ff9d00;font-style:italic;font-weight:700\">CU\u1ed8C THI S\u00c1NG T\u1ea0O T\u1ebe B\u00c0O G\u1ed0C<\/h2>\n\n\n\n<h2 class=\"wp-block-heading has-text-align-center has-text-color has-link-color has-large-font-size wp-elements-5a579ca51dffff4a5237951a10c99e3a\" style=\"color:#ff9d00;font-style:italic;font-weight:700\">STEM CELL INNOVATION L\u1ea6N 9 -2024<\/h2>\n\n\n\n<h2 class=\"wp-block-heading has-text-align-center has-text-color has-link-color has-large-font-size wp-elements-cc23fd46aa39fc84a56b8b05bdf7f456\" style=\"color:#ff9d00;font-style:italic;font-weight:700\">V\u1edaI H\u00ccNH TH\u1ee8C THI HO\u00c0N TO\u00c0N M\u1edaI<\/h2>\n<\/div>\n\n\n\n<div data-wp-interactive=\"core\/file\" class=\"wp-block-file\"><object data-wp-bind--hidden=\"!state.hasPdfPreview\" hidden class=\"wp-block-file__embed\" data=\"https:\/\/stemcellinnovation.com.vn\/2024\/wp-content\/uploads\/sites\/12\/2024\/09\/The-le-SCi9-12.09.2024-updated.pdf\" type=\"application\/pdf\" style=\"width:100%;height:600px\" aria-label=\"Embed of The\u0302\u0309 le\u0323\u0302 SCi9 - 12.09.2024 updated.\"><\/object><a id=\"wp-block-file--media-f901422f-7951-48d5-8c45-7443f91b149f\" href=\"https:\/\/stemcellinnovation.com.vn\/2024\/wp-content\/uploads\/sites\/12\/2024\/09\/The-le-SCi9-12.09.2024-updated.pdf\">The\u0302\u0309 le\u0323\u0302 SCi9 &#8211; 12.09.2024 updated<\/a><a href=\"https:\/\/stemcellinnovation.com.vn\/2024\/wp-content\/uploads\/sites\/12\/2024\/09\/The-le-SCi9-12.09.2024-updated.pdf\" class=\"wp-block-file__button wp-element-button\" download aria-describedby=\"wp-block-file--media-f901422f-7951-48d5-8c45-7443f91b149f\">Download<\/a><\/div>\n<\/div>\n\n\n\n<div class=\"wp-block-column is-layout-flow wp-block-column-is-layout-flow\" style=\"flex-basis:50%\">\n<div class=\"wp-block-group has-global-padding is-layout-constrained wp-container-core-group-is-layout-19e250f3 wp-block-group-is-layout-constrained\">\n<h2 class=\"wp-block-heading has-text-align-center has-text-color has-link-color has-large-font-size wp-elements-1da134a030b2c0ae8a45cf5df84b86c6\" style=\"color:#ff9d00;font-style:italic;font-weight:700\">K\u1ebe HO\u1ea0CH <\/h2>\n\n\n\n<h2 class=\"wp-block-heading has-text-align-center has-text-color has-link-color has-large-font-size wp-elements-358d66cf4b03f2599b354efd021605fc\" style=\"color:#ff9d00;font-style:italic;font-weight:700\">CU\u1ed8C THI S\u00c1NG T\u1ea0O T\u1ebe B\u00c0O G\u1ed0C<\/h2>\n\n\n\n<h2 class=\"wp-block-heading has-text-align-center has-text-color has-link-color has-large-font-size wp-elements-5a579ca51dffff4a5237951a10c99e3a\" style=\"color:#ff9d00;font-style:italic;font-weight:700\">STEM CELL INNOVATION L\u1ea6N 9 -2024<\/h2>\n<\/div>\n\n\n\n<div data-wp-interactive=\"core\/file\" class=\"wp-block-file\"><object data-wp-bind--hidden=\"!state.hasPdfPreview\" hidden class=\"wp-block-file__embed\" data=\"https:\/\/stemcellinnovation.com.vn\/2024\/wp-content\/uploads\/sites\/12\/2024\/08\/Ke-hoach-SCI_2024.pdf\" type=\"application\/pdf\" style=\"width:100%;height:600px\" aria-label=\"Embed of Ke hoach SCI_2024.\"><\/object><a id=\"wp-block-file--media-31a9a3fb-d470-4b2c-89f6-21d6e9153c2e\" href=\"https:\/\/stemcellinnovation.com.vn\/2024\/wp-content\/uploads\/sites\/12\/2024\/08\/Ke-hoach-SCI_2024.pdf\">Ke hoach SCI_2024<\/a><a href=\"https:\/\/stemcellinnovation.com.vn\/2024\/wp-content\/uploads\/sites\/12\/2024\/08\/Ke-hoach-SCI_2024.pdf\" class=\"wp-block-file__button wp-element-button\" download aria-describedby=\"wp-block-file--media-31a9a3fb-d470-4b2c-89f6-21d6e9153c2e\">Download<\/a><\/div>\n<\/div>\n<\/div>\n<\/div>\n","protected":false},"excerpt":{"rendered":"<p>CU\u1ed8C THI S\u00c1NG T\u1ea0O T\u1ebe B\u00c0O G\u1ed0C STEM CELL INNOVATION L\u1ea6N 9 -2024 V\u1edaI H\u00ccNH TH\u1ee8C THI HO\u00c0N TO\u00c0N M\u1edaI K\u1ebe HO\u1ea0CH CU\u1ed8C THI S\u00c1NG T\u1ea0O T\u1ebe B\u00c0O G\u1ed0C STEM CELL INNOVATION L\u1ea6N 9 -2024<\/p>\n","protected":false},"author":1,"featured_media":0,"parent":0,"menu_order":0,"comment_status":"closed","ping_status":"closed","template":"custom-without-title","meta":{"_eb_attr":"","footnotes":""},"class_list":["post-18","page","type-page","status-publish","hentry"],"jetpack-related-posts":[{"id":28,"url":"https:\/\/stemcellinnovation.com.vn\/2024\/nha-tai-tro\/","url_meta":{"origin":18,"position":0},"title":"NH\u00c0 T\u00c0I TR\u1ee2","author":"admin","date":"31\/07\/2024","format":false,"excerpt":"C\u1ea3m \u01a1n c\u00e1c Qu\u00fd nh\u00e0 t\u00e0i tr\u1ee3 \u0111\u00e3 \u0111i c\u00f9ng Cu\u1ed9c thi S\u00e1ng t\u1ea1o T\u1ebf b\u00e0o g\u1ed1c Stem Cell Innovation l\u1ea7n 9 - 2024 H\u00c3Y C\u00d9NG CH\u00daNG T\u00d4I \u0110\u1ed2NG H\u00c0NH C\u00d9NG C\u00c1C \u0110\u1ed8I THI T\u1ea0I SCI#9 Stem Cell Innovation - cu\u1ed9c thi h\u1ecdc thu\u1eadt uy t\u00edn, ch\u1ea5t l\u01b0\u1ee3ng v\u00e0 \u0111\u1ea7y\u2026","rel":"","context":"Similar post","block_context":{"text":"Similar post","link":""},"img":{"alt_text":"","src":"https:\/\/i0.wp.com\/stemcellinnovation.com.vn\/2024\/wp-content\/uploads\/sites\/12\/2024\/08\/Ho-so-moi-tai-tro-SCI-2024-1-17-1_page-0001-scaled.jpg?resize=350%2C200&ssl=1","width":350,"height":200,"srcset":"https:\/\/i0.wp.com\/stemcellinnovation.com.vn\/2024\/wp-content\/uploads\/sites\/12\/2024\/08\/Ho-so-moi-tai-tro-SCI-2024-1-17-1_page-0001-scaled.jpg?resize=350%2C200&ssl=1 1x, https:\/\/i0.wp.com\/stemcellinnovation.com.vn\/2024\/wp-content\/uploads\/sites\/12\/2024\/08\/Ho-so-moi-tai-tro-SCI-2024-1-17-1_page-0001-scaled.jpg?resize=525%2C300&ssl=1 1.5x, https:\/\/i0.wp.com\/stemcellinnovation.com.vn\/2024\/wp-content\/uploads\/sites\/12\/2024\/08\/Ho-so-moi-tai-tro-SCI-2024-1-17-1_page-0001-scaled.jpg?resize=700%2C400&ssl=1 2x, https:\/\/i0.wp.com\/stemcellinnovation.com.vn\/2024\/wp-content\/uploads\/sites\/12\/2024\/08\/Ho-so-moi-tai-tro-SCI-2024-1-17-1_page-0001-scaled.jpg?resize=1050%2C600&ssl=1 3x, https:\/\/i0.wp.com\/stemcellinnovation.com.vn\/2024\/wp-content\/uploads\/sites\/12\/2024\/08\/Ho-so-moi-tai-tro-SCI-2024-1-17-1_page-0001-scaled.jpg?resize=1400%2C800&ssl=1 4x"},"classes":[]},{"id":20,"url":"https:\/\/stemcellinnovation.com.vn\/2024\/giai-thuong\/","url_meta":{"origin":18,"position":1},"title":"GI\u1ea2I TH\u01af\u1edeNG","author":"admin","date":"31\/07\/2024","format":false,"excerpt":"Gi\u1ea3i th\u01b0\u1edfng ch\u00ednh 01 gi\u1ea3i nh\u1ea5t T\u1ed5ng gi\u00e1 tr\u1ecb gi\u1ea3i th\u01b0\u1edfng h\u01a1n 75 tri\u1ec7u \u0111\u1ed3ng g\u1ed3m 30 tri\u1ec7u \u0111\u1ed3ng ti\u1ec1n th\u01b0\u1edfng + Kh\u00f3a h\u1ecdc nu\u00f4i c\u1ea5y t\u1ebf b\u00e0o g\u1ed1c (15 tri\u1ec7u \u0111\u1ed3ng\/ kh\u00f3a) cho c\u1ea3 3 th\u00ed sinh + c\u00e1c ph\u1ea7n qu\u00e0 t\u1eeb nh\u00e0 t\u00e0i tr\u1ee3 Gi\u1ea5y ch\u1ee9ng nh\u1eadn gi\u1ea3i\u2026","rel":"","context":"Similar post","block_context":{"text":"Similar post","link":""},"img":{"alt_text":"","src":"https:\/\/i0.wp.com\/stemcellinnovation.com.vn\/2024\/wp-content\/uploads\/sites\/12\/2024\/08\/truyen-thong-chung-ket.png?resize=350%2C200&ssl=1","width":350,"height":200,"srcset":"https:\/\/i0.wp.com\/stemcellinnovation.com.vn\/2024\/wp-content\/uploads\/sites\/12\/2024\/08\/truyen-thong-chung-ket.png?resize=350%2C200&ssl=1 1x, https:\/\/i0.wp.com\/stemcellinnovation.com.vn\/2024\/wp-content\/uploads\/sites\/12\/2024\/08\/truyen-thong-chung-ket.png?resize=525%2C300&ssl=1 1.5x, https:\/\/i0.wp.com\/stemcellinnovation.com.vn\/2024\/wp-content\/uploads\/sites\/12\/2024\/08\/truyen-thong-chung-ket.png?resize=700%2C400&ssl=1 2x, https:\/\/i0.wp.com\/stemcellinnovation.com.vn\/2024\/wp-content\/uploads\/sites\/12\/2024\/08\/truyen-thong-chung-ket.png?resize=1050%2C600&ssl=1 3x, https:\/\/i0.wp.com\/stemcellinnovation.com.vn\/2024\/wp-content\/uploads\/sites\/12\/2024\/08\/truyen-thong-chung-ket.png?resize=1400%2C800&ssl=1 4x"},"classes":[]},{"id":30,"url":"https:\/\/stemcellinnovation.com.vn\/2024\/lien-he\/","url_meta":{"origin":18,"position":2},"title":"LI\u00caN H\u1ec6","author":"admin","date":"31\/07\/2024","format":false,"excerpt":"BAN T\u1ed4 CH\u1ee8C CU\u1ed8C THI S\u00c1NG T\u1ea0O T\u1ebe B\u00c0O G\u1ed0CSTEM CELL INNOVATION L\u1ea6N 9 - 2024 \u0110\u1ecba ch\u1ec9: Vi\u1ec7n T\u1ebf b\u00e0o g\u1ed1c, T\u00f2a nh\u00e0 B2-3, Tr\u01b0\u1eddng \u0110\u1ea1i h\u1ecdc Khoa h\u1ecdc t\u1ef1 nhi\u00ean, Khu ph\u1ed1 6, Ph\u01b0\u1eddng Linh Trung, Th\u00e0nh ph\u1ed1 Th\u1ee7 \u0110\u1ee9c, Th\u00e0nh ph\u1ed1 H\u1ed3 Ch\u00ed Minh \u0110i\u1ec7n tho\u1ea1i: 028\u2026","rel":"","context":"Similar post","block_context":{"text":"Similar post","link":""},"img":{"alt_text":"","src":"https:\/\/i0.wp.com\/stemcellinnovation.com.vn\/2024\/wp-content\/uploads\/sites\/12\/2024\/08\/a55559bbfd125d4c0403-scaled.jpg?resize=350%2C200&ssl=1","width":350,"height":200,"srcset":"https:\/\/i0.wp.com\/stemcellinnovation.com.vn\/2024\/wp-content\/uploads\/sites\/12\/2024\/08\/a55559bbfd125d4c0403-scaled.jpg?resize=350%2C200&ssl=1 1x, https:\/\/i0.wp.com\/stemcellinnovation.com.vn\/2024\/wp-content\/uploads\/sites\/12\/2024\/08\/a55559bbfd125d4c0403-scaled.jpg?resize=525%2C300&ssl=1 1.5x, https:\/\/i0.wp.com\/stemcellinnovation.com.vn\/2024\/wp-content\/uploads\/sites\/12\/2024\/08\/a55559bbfd125d4c0403-scaled.jpg?resize=700%2C400&ssl=1 2x, https:\/\/i0.wp.com\/stemcellinnovation.com.vn\/2024\/wp-content\/uploads\/sites\/12\/2024\/08\/a55559bbfd125d4c0403-scaled.jpg?resize=1050%2C600&ssl=1 3x, https:\/\/i0.wp.com\/stemcellinnovation.com.vn\/2024\/wp-content\/uploads\/sites\/12\/2024\/08\/a55559bbfd125d4c0403-scaled.jpg?resize=1400%2C800&ssl=1 4x"},"classes":[]},{"id":26,"url":"https:\/\/stemcellinnovation.com.vn\/2024\/ket-qua-cuoc-thi\/","url_meta":{"origin":18,"position":3},"title":"K\u1ebeT QU\u1ea2 CU\u1ed8C THI","author":"admin","date":"31\/07\/2024","format":false,"excerpt":"Top 24 Top 60","rel":"","context":"Similar post","block_context":{"text":"Similar post","link":""},"img":{"alt_text":"","src":"https:\/\/i0.wp.com\/stemcellinnovation.com.vn\/2024\/wp-content\/uploads\/sites\/12\/2024\/10\/Top-60.2.jpg?resize=350%2C200&ssl=1","width":350,"height":200,"srcset":"https:\/\/i0.wp.com\/stemcellinnovation.com.vn\/2024\/wp-content\/uploads\/sites\/12\/2024\/10\/Top-60.2.jpg?resize=350%2C200&ssl=1 1x, https:\/\/i0.wp.com\/stemcellinnovation.com.vn\/2024\/wp-content\/uploads\/sites\/12\/2024\/10\/Top-60.2.jpg?resize=525%2C300&ssl=1 1.5x, https:\/\/i0.wp.com\/stemcellinnovation.com.vn\/2024\/wp-content\/uploads\/sites\/12\/2024\/10\/Top-60.2.jpg?resize=700%2C400&ssl=1 2x, https:\/\/i0.wp.com\/stemcellinnovation.com.vn\/2024\/wp-content\/uploads\/sites\/12\/2024\/10\/Top-60.2.jpg?resize=1050%2C600&ssl=1 3x, https:\/\/i0.wp.com\/stemcellinnovation.com.vn\/2024\/wp-content\/uploads\/sites\/12\/2024\/10\/Top-60.2.jpg?resize=1400%2C800&ssl=1 4x"},"classes":[]},{"id":14,"url":"https:\/\/stemcellinnovation.com.vn\/2024\/thong-bao-va-tin-tuc\/","url_meta":{"origin":18,"position":4},"title":"TH\u00d4NG B\u00c1O V\u00c0 TIN T\u1ee8C","author":"admin","date":"31\/07\/2024","format":false,"excerpt":"TH\u00d4NG B\u00c1O Xem t\u1ea5t c\u1ea3 ... TIN T\u1ee8C Xem t\u1ea5t c\u1ea3 ...","rel":"","context":"Similar post","block_context":{"text":"Similar post","link":""},"img":{"alt_text":"","src":"","width":0,"height":0},"classes":[]},{"id":22,"url":"https:\/\/stemcellinnovation.com.vn\/2024\/danh-sach-doi-thi\/","url_meta":{"origin":18,"position":5},"title":"DANH S\u00c1CH \u0110\u1ed8I THI","author":"admin","date":"31\/07\/2024","format":false,"excerpt":"CH\u00c0O M\u1eeaNG C\u00c1C \u0110\u1ed8I THI SCI#9","rel":"","context":"Similar post","block_context":{"text":"Similar post","link":""},"img":{"alt_text":"","src":"","width":0,"height":0},"classes":[]}],"jetpack_sharing_enabled":true,"_links":{"self":[{"href":"https:\/\/stemcellinnovation.com.vn\/2024\/wp-json\/wp\/v2\/pages\/18","targetHints":{"allow":["GET"]}}],"collection":[{"href":"https:\/\/stemcellinnovation.com.vn\/2024\/wp-json\/wp\/v2\/pages"}],"about":[{"href":"https:\/\/stemcellinnovation.com.vn\/2024\/wp-json\/wp\/v2\/types\/page"}],"author":[{"embeddable":true,"href":"https:\/\/stemcellinnovation.com.vn\/2024\/wp-json\/wp\/v2\/users\/1"}],"replies":[{"embeddable":true,"href":"https:\/\/stemcellinnovation.com.vn\/2024\/wp-json\/wp\/v2\/comments?post=18"}],"version-history":[{"count":10,"href":"https:\/\/stemcellinnovation.com.vn\/2024\/wp-json\/wp\/v2\/pages\/18\/revisions"}],"predecessor-version":[{"id":407,"href":"https:\/\/stemcellinnovation.com.vn\/2024\/wp-json\/wp\/v2\/pages\/18\/revisions\/407"}],"wp:attachment":[{"href":"https:\/\/stemcellinnovation.com.vn\/2024\/wp-json\/wp\/v2\/media?parent=18"}],"curies":[{"name":"wp","href":"https:\/\/api.w.org\/{rel}","templated":true}]}}