{"id":14,"date":"2024-07-31T02:36:23","date_gmt":"2024-07-31T02:36:23","guid":{"rendered":"https:\/\/stemcellinnovation.com.vn\/2024\/?page_id=14"},"modified":"2024-12-07T11:06:55","modified_gmt":"2024-12-07T04:06:55","slug":"thong-bao-va-tin-tuc","status":"publish","type":"page","link":"https:\/\/stemcellinnovation.com.vn\/2024\/thong-bao-va-tin-tuc\/","title":{"rendered":"TH\u00d4NG B\u00c1O V\u00c0 TIN T\u1ee8C"},"content":{"rendered":"\n<div class=\"wp-block-group alignwide has-global-padding is-layout-constrained wp-container-core-group-is-layout-346627ba wp-block-group-is-layout-constrained\">\n<div class=\"wp-block-group alignwide has-global-padding is-layout-constrained wp-block-group-is-layout-constrained\">\n<h2 class=\"wp-block-heading alignwide has-text-align-center has-contrast-color has-text-color has-background has-link-color wp-elements-d2d8f73ef98d04693de888b8197c520c\" style=\"border-radius:1rem;background-color:#fff240;padding-top:var(--wp--preset--spacing--10);padding-right:var(--wp--preset--spacing--10);padding-bottom:var(--wp--preset--spacing--10);padding-left:var(--wp--preset--spacing--10)\">TH\u00d4NG B\u00c1O<\/h2>\n\n\n\n<div class=\"wp-block-query alignwide is-layout-flow wp-block-query-is-layout-flow\"><ul class=\"wp-block-post-template is-layout-flow wp-block-post-template-is-layout-flow\"><li class=\"wp-block-post post-464 post type-post status-publish format-standard has-post-thumbnail hentry category-thong-bao category-tin-tuc\">\n\n<div class=\"wp-block-columns are-vertically-aligned-center is-layout-flex wp-container-core-columns-is-layout-28f84493 wp-block-columns-is-layout-flex\">\n<div class=\"wp-block-column is-vertically-aligned-center is-layout-flow wp-block-column-is-layout-flow\" style=\"flex-basis:25%\"><figure class=\"wp-block-post-featured-image\"><a href=\"https:\/\/stemcellinnovation.com.vn\/2024\/2024\/12\/20\/hinh-anh-vong-chung-ket-cuoc-thi-sang-tao-te-bao-goc-lan-thu-9\/\" target=\"_self\"  ><img loading=\"lazy\" decoding=\"async\" width=\"2112\" height=\"1188\" src=\"https:\/\/stemcellinnovation.com.vn\/2024\/wp-content\/uploads\/sites\/12\/2024\/12\/CHUNG-KET-.png\" class=\"attachment-post-thumbnail size-post-thumbnail wp-post-image\" alt=\"H\u00ccNH \u1ea2NH V\u00d2NG CHUNG K\u1ebeT CU\u1ed8C THI S\u00c1NG T\u1ea0O T\u1ebe B\u00c0O G\u1ed0C L\u1ea6N TH\u1ee8 9\" style=\"object-fit:cover;\" srcset=\"https:\/\/stemcellinnovation.com.vn\/2024\/wp-content\/uploads\/sites\/12\/2024\/12\/CHUNG-KET-.png 2112w, https:\/\/stemcellinnovation.com.vn\/2024\/wp-content\/uploads\/sites\/12\/2024\/12\/CHUNG-KET--300x169.png 300w, https:\/\/stemcellinnovation.com.vn\/2024\/wp-content\/uploads\/sites\/12\/2024\/12\/CHUNG-KET--1024x576.png 1024w, https:\/\/stemcellinnovation.com.vn\/2024\/wp-content\/uploads\/sites\/12\/2024\/12\/CHUNG-KET--768x432.png 768w, https:\/\/stemcellinnovation.com.vn\/2024\/wp-content\/uploads\/sites\/12\/2024\/12\/CHUNG-KET--1536x864.png 1536w, https:\/\/stemcellinnovation.com.vn\/2024\/wp-content\/uploads\/sites\/12\/2024\/12\/CHUNG-KET--2048x1152.png 2048w\" sizes=\"auto, (max-width: 2112px) 100vw, 2112px\" \/><\/a><\/figure><\/div>\n\n\n\n<div class=\"wp-block-column is-vertically-aligned-center is-layout-flow wp-block-column-is-layout-flow\" style=\"flex-basis:75%\"><h3 class=\"wp-block-post-title\"><a href=\"https:\/\/stemcellinnovation.com.vn\/2024\/2024\/12\/20\/hinh-anh-vong-chung-ket-cuoc-thi-sang-tao-te-bao-goc-lan-thu-9\/\" target=\"_self\" >H\u00ccNH \u1ea2NH V\u00d2NG CHUNG K\u1ebeT CU\u1ed8C THI S\u00c1NG T\u1ea0O T\u1ebe B\u00c0O G\u1ed0C L\u1ea6N TH\u1ee8 9<\/a><\/h3><\/div>\n<\/div>\n\n<\/li><li class=\"wp-block-post post-388 post type-post status-publish format-standard has-post-thumbnail hentry category-thong-bao category-tin-tuc\">\n\n<div class=\"wp-block-columns are-vertically-aligned-center is-layout-flex wp-container-core-columns-is-layout-28f84493 wp-block-columns-is-layout-flex\">\n<div class=\"wp-block-column is-vertically-aligned-center is-layout-flow wp-block-column-is-layout-flow\" style=\"flex-basis:25%\"><figure class=\"wp-block-post-featured-image\"><a href=\"https:\/\/stemcellinnovation.com.vn\/2024\/2024\/12\/07\/cong-bo-hoi-dong-giam-khao-vong-chung-ket-cuoc-thi-stem-cell-innovation-2024\/\" target=\"_self\"  ><img loading=\"lazy\" decoding=\"async\" width=\"2560\" height=\"2146\" src=\"https:\/\/stemcellinnovation.com.vn\/2024\/wp-content\/uploads\/sites\/12\/2024\/12\/IMG_1823-scaled.jpeg\" class=\"attachment-post-thumbnail size-post-thumbnail wp-post-image\" alt=\"C\u00d4NG B\u1ed0 H\u1ed8I \u0110\u1ed2NG GI\u00c1M KH\u1ea2O V\u00d2NG CHUNG K\u1ebeT CU\u1ed8C THI STEM CELL INNOVATION 2024\" style=\"object-fit:cover;\" srcset=\"https:\/\/stemcellinnovation.com.vn\/2024\/wp-content\/uploads\/sites\/12\/2024\/12\/IMG_1823-scaled.jpeg 2560w, https:\/\/stemcellinnovation.com.vn\/2024\/wp-content\/uploads\/sites\/12\/2024\/12\/IMG_1823-300x251.jpeg 300w, https:\/\/stemcellinnovation.com.vn\/2024\/wp-content\/uploads\/sites\/12\/2024\/12\/IMG_1823-1024x858.jpeg 1024w, https:\/\/stemcellinnovation.com.vn\/2024\/wp-content\/uploads\/sites\/12\/2024\/12\/IMG_1823-768x644.jpeg 768w, https:\/\/stemcellinnovation.com.vn\/2024\/wp-content\/uploads\/sites\/12\/2024\/12\/IMG_1823-1536x1288.jpeg 1536w, https:\/\/stemcellinnovation.com.vn\/2024\/wp-content\/uploads\/sites\/12\/2024\/12\/IMG_1823-2048x1717.jpeg 2048w\" sizes=\"auto, (max-width: 2560px) 100vw, 2560px\" \/><\/a><\/figure><\/div>\n\n\n\n<div class=\"wp-block-column is-vertically-aligned-center is-layout-flow wp-block-column-is-layout-flow\" style=\"flex-basis:75%\"><h3 class=\"wp-block-post-title\"><a href=\"https:\/\/stemcellinnovation.com.vn\/2024\/2024\/12\/07\/cong-bo-hoi-dong-giam-khao-vong-chung-ket-cuoc-thi-stem-cell-innovation-2024\/\" target=\"_self\" >C\u00d4NG B\u1ed0 H\u1ed8I \u0110\u1ed2NG GI\u00c1M KH\u1ea2O V\u00d2NG CHUNG K\u1ebeT CU\u1ed8C THI STEM CELL INNOVATION 2024<\/a><\/h3><\/div>\n<\/div>\n\n<\/li><li class=\"wp-block-post post-323 post type-post status-publish format-standard has-post-thumbnail hentry category-thong-bao tag-lao-hoa tag-new tag-sci tag-stemcellinnovation\">\n\n<div class=\"wp-block-columns are-vertically-aligned-center is-layout-flex wp-container-core-columns-is-layout-28f84493 wp-block-columns-is-layout-flex\">\n<div class=\"wp-block-column is-vertically-aligned-center is-layout-flow wp-block-column-is-layout-flow\" style=\"flex-basis:25%\"><figure class=\"wp-block-post-featured-image\"><a href=\"https:\/\/stemcellinnovation.com.vn\/2024\/2024\/10\/21\/top-60-cuoc-thi-sang-tao-te-bao-goc-stem-cell-innovation-lan-9-2024-da-lo-dien\/\" target=\"_self\"  ><img loading=\"lazy\" decoding=\"async\" width=\"2048\" height=\"1717\" src=\"https:\/\/stemcellinnovation.com.vn\/2024\/wp-content\/uploads\/sites\/12\/2024\/10\/Top-60.2.jpg\" class=\"attachment-post-thumbnail size-post-thumbnail wp-post-image\" alt=\"Top 60 Cu\u1ed9c thi S\u00e1ng t\u1ea1o T\u1ebf b\u00e0o g\u1ed1c &#8211; Stem Cell Innovation l\u1ea7n 9-2024 \u0111\u00e3 l\u1ed9 di\u1ec7n\" style=\"object-fit:cover;\" srcset=\"https:\/\/stemcellinnovation.com.vn\/2024\/wp-content\/uploads\/sites\/12\/2024\/10\/Top-60.2.jpg 2048w, https:\/\/stemcellinnovation.com.vn\/2024\/wp-content\/uploads\/sites\/12\/2024\/10\/Top-60.2-300x252.jpg 300w, https:\/\/stemcellinnovation.com.vn\/2024\/wp-content\/uploads\/sites\/12\/2024\/10\/Top-60.2-1024x859.jpg 1024w, https:\/\/stemcellinnovation.com.vn\/2024\/wp-content\/uploads\/sites\/12\/2024\/10\/Top-60.2-768x644.jpg 768w, https:\/\/stemcellinnovation.com.vn\/2024\/wp-content\/uploads\/sites\/12\/2024\/10\/Top-60.2-1536x1288.jpg 1536w\" sizes=\"auto, (max-width: 2048px) 100vw, 2048px\" \/><\/a><\/figure><\/div>\n\n\n\n<div class=\"wp-block-column is-vertically-aligned-center is-layout-flow wp-block-column-is-layout-flow\" style=\"flex-basis:75%\"><h3 class=\"wp-block-post-title\"><a href=\"https:\/\/stemcellinnovation.com.vn\/2024\/2024\/10\/21\/top-60-cuoc-thi-sang-tao-te-bao-goc-stem-cell-innovation-lan-9-2024-da-lo-dien\/\" target=\"_self\" >Top 60 Cu\u1ed9c thi S\u00e1ng t\u1ea1o T\u1ebf b\u00e0o g\u1ed1c &#8211; Stem Cell Innovation l\u1ea7n 9-2024 \u0111\u00e3 l\u1ed9 di\u1ec7n<\/a><\/h3><\/div>\n<\/div>\n\n<\/li><\/ul><\/div>\n\n\n\n<div class=\"wp-block-buttons is-content-justification-center is-layout-flex wp-container-core-buttons-is-layout-a89b3969 wp-block-buttons-is-layout-flex\">\n<div class=\"wp-block-button\"><a class=\"wp-block-button__link wp-element-button\" href=\"https:\/\/stemcellinnovation.com.vn\/2024\/category\/thong-bao\/\">Xem t\u1ea5t c\u1ea3 &#8230;<\/a><\/div>\n<\/div>\n<\/div>\n\n\n\n<div class=\"wp-block-group alignwide has-global-padding is-layout-constrained wp-block-group-is-layout-constrained\">\n<h2 class=\"wp-block-heading alignwide has-text-align-center has-contrast-color has-text-color has-background has-link-color wp-elements-dc51ec696d460b54450837ec0f052e23\" style=\"border-radius:1rem;background-color:#fff240;padding-top:var(--wp--preset--spacing--10);padding-right:var(--wp--preset--spacing--10);padding-bottom:var(--wp--preset--spacing--10);padding-left:var(--wp--preset--spacing--10)\">TIN T\u1ee8C<\/h2>\n\n\n\n<div class=\"wp-block-columns alignwide is-layout-flex wp-container-core-columns-is-layout-28f84493 wp-block-columns-is-layout-flex\">\n<div class=\"wp-block-column is-layout-flow wp-block-column-is-layout-flow\">\n<div class=\"wp-block-query is-layout-flow wp-block-query-is-layout-flow\"><ul class=\"wp-block-post-template is-layout-flow wp-block-post-template-is-layout-flow\"><li class=\"wp-block-post post-464 post type-post status-publish format-standard has-post-thumbnail hentry category-thong-bao category-tin-tuc\">\n<figure class=\"alignwide wp-block-post-featured-image\"><a href=\"https:\/\/stemcellinnovation.com.vn\/2024\/2024\/12\/20\/hinh-anh-vong-chung-ket-cuoc-thi-sang-tao-te-bao-goc-lan-thu-9\/\" target=\"_self\"  ><img loading=\"lazy\" decoding=\"async\" width=\"2112\" height=\"1188\" src=\"https:\/\/stemcellinnovation.com.vn\/2024\/wp-content\/uploads\/sites\/12\/2024\/12\/CHUNG-KET-.png\" class=\"attachment-post-thumbnail size-post-thumbnail wp-post-image\" alt=\"H\u00ccNH \u1ea2NH V\u00d2NG CHUNG K\u1ebeT CU\u1ed8C THI S\u00c1NG T\u1ea0O T\u1ebe B\u00c0O G\u1ed0C L\u1ea6N TH\u1ee8 9\" style=\"object-fit:cover;\" srcset=\"https:\/\/stemcellinnovation.com.vn\/2024\/wp-content\/uploads\/sites\/12\/2024\/12\/CHUNG-KET-.png 2112w, https:\/\/stemcellinnovation.com.vn\/2024\/wp-content\/uploads\/sites\/12\/2024\/12\/CHUNG-KET--300x169.png 300w, https:\/\/stemcellinnovation.com.vn\/2024\/wp-content\/uploads\/sites\/12\/2024\/12\/CHUNG-KET--1024x576.png 1024w, https:\/\/stemcellinnovation.com.vn\/2024\/wp-content\/uploads\/sites\/12\/2024\/12\/CHUNG-KET--768x432.png 768w, https:\/\/stemcellinnovation.com.vn\/2024\/wp-content\/uploads\/sites\/12\/2024\/12\/CHUNG-KET--1536x864.png 1536w, https:\/\/stemcellinnovation.com.vn\/2024\/wp-content\/uploads\/sites\/12\/2024\/12\/CHUNG-KET--2048x1152.png 2048w\" sizes=\"auto, (max-width: 2112px) 100vw, 2112px\" \/><\/a><\/figure>\n\n<h3 class=\"wp-block-post-title\"><a href=\"https:\/\/stemcellinnovation.com.vn\/2024\/2024\/12\/20\/hinh-anh-vong-chung-ket-cuoc-thi-sang-tao-te-bao-goc-lan-thu-9\/\" target=\"_self\" >H\u00ccNH \u1ea2NH V\u00d2NG CHUNG K\u1ebeT CU\u1ed8C THI S\u00c1NG T\u1ea0O T\u1ebe B\u00c0O G\u1ed0C L\u1ea6N TH\u1ee8 9<\/a><\/h3>\n\n<div class=\"wp-block-post-excerpt\"><p class=\"wp-block-post-excerpt__excerpt\">Xem to\u00e0n b\u1ed9 h\u00ecnh \u1ea3nh cu\u1ed9c thi t\u1ea1i \u0111\u1ecba ch\u1ec9: https:\/\/links.sci.edu.vn\/hinh-chung-ket-sci9<\/p><p class=\"wp-block-post-excerpt__more-text\"><a class=\"wp-block-post-excerpt__more-link\" href=\"https:\/\/stemcellinnovation.com.vn\/2024\/2024\/12\/20\/hinh-anh-vong-chung-ket-cuoc-thi-sang-tao-te-bao-goc-lan-thu-9\/\">Xem ti\u1ebfp &#8230;<\/a><\/p><\/div>\n<\/li><\/ul><\/div>\n<\/div>\n\n\n\n<div class=\"wp-block-column is-layout-flow wp-block-column-is-layout-flow\">\n<div class=\"wp-block-query is-layout-flow wp-block-query-is-layout-flow\"><ul class=\"wp-block-post-template is-layout-flow wp-block-post-template-is-layout-flow\"><li class=\"wp-block-post post-422 post type-post status-publish format-standard has-post-thumbnail hentry category-tin-tuc\">\n\n<div class=\"wp-block-columns alignwide is-layout-flex wp-container-core-columns-is-layout-28f84493 wp-block-columns-is-layout-flex\">\n<div class=\"wp-block-column is-layout-flow wp-block-column-is-layout-flow\"><figure class=\"wp-block-post-featured-image\"><a href=\"https:\/\/stemcellinnovation.com.vn\/2024\/2024\/12\/16\/tong-ket-cuoc-thi-sang-tao-te-bao-goc-lan-thu-9-stem-cell-innovation-2024\/\" target=\"_self\"  ><img loading=\"lazy\" decoding=\"async\" width=\"2560\" height=\"1440\" src=\"https:\/\/stemcellinnovation.com.vn\/2024\/wp-content\/uploads\/sites\/12\/2024\/12\/DSCF0002-scaled.jpeg\" class=\"attachment-post-thumbnail size-post-thumbnail wp-post-image\" alt=\"T\u1ed4NG K\u1ebeT CU\u1ed8C THI S\u00c1NG T\u1ea0O T\u1ebe B\u00c0O G\u1ed0C L\u1ea6N TH\u1ee8 9 &#8211; STEM CELL INNOVATION 2024\" style=\"object-fit:cover;\" srcset=\"https:\/\/stemcellinnovation.com.vn\/2024\/wp-content\/uploads\/sites\/12\/2024\/12\/DSCF0002-scaled.jpeg 2560w, https:\/\/stemcellinnovation.com.vn\/2024\/wp-content\/uploads\/sites\/12\/2024\/12\/DSCF0002-300x169.jpeg 300w, https:\/\/stemcellinnovation.com.vn\/2024\/wp-content\/uploads\/sites\/12\/2024\/12\/DSCF0002-1024x576.jpeg 1024w, https:\/\/stemcellinnovation.com.vn\/2024\/wp-content\/uploads\/sites\/12\/2024\/12\/DSCF0002-768x432.jpeg 768w, https:\/\/stemcellinnovation.com.vn\/2024\/wp-content\/uploads\/sites\/12\/2024\/12\/DSCF0002-1536x864.jpeg 1536w, https:\/\/stemcellinnovation.com.vn\/2024\/wp-content\/uploads\/sites\/12\/2024\/12\/DSCF0002-2048x1152.jpeg 2048w\" sizes=\"auto, (max-width: 2560px) 100vw, 2560px\" \/><\/a><\/figure><\/div>\n\n\n\n<div class=\"wp-block-column is-layout-flow wp-block-column-is-layout-flow\"><h3 class=\"wp-block-post-title\"><a href=\"https:\/\/stemcellinnovation.com.vn\/2024\/2024\/12\/16\/tong-ket-cuoc-thi-sang-tao-te-bao-goc-lan-thu-9-stem-cell-innovation-2024\/\" target=\"_self\" >T\u1ed4NG K\u1ebeT CU\u1ed8C THI S\u00c1NG T\u1ea0O T\u1ebe B\u00c0O G\u1ed0C L\u1ea6N TH\u1ee8 9 &#8211; STEM CELL INNOVATION 2024<\/a><\/h3>\n\n<div class=\"wp-block-post-excerpt\"><p class=\"wp-block-post-excerpt__excerpt\">1. L\u1ec4 KHAI M\u1ea0C: KH\u1edeI \u0110\u1ea6U H\u00c0NH TR\u00ccNH S\u00c1NG T\u1ea0O S\u00e1ng ng\u00e0y 15\/12\/2024, v\u00f2ng Chung k\u1ebft cu\u1ed9c thi S\u00e1ng t\u1ea1o T\u1ebf b\u00e0o g\u1ed1c l\u1ea7n th\u1ee9 9 (Stem Cell Innovation 2024) \u0111\u00e3 ch\u00ednh th\u1ee9c khai m\u1ea1c t\u1ea1i Nh\u00e0 V\u0103n ho\u00e1 sinh vi\u00ean, khu \u0111\u00f4 th\u1ecb \u0110HQG-HCM. S\u1ef1 ki\u1ec7n vinh d\u1ef1 \u0111\u00f3n ti\u1ebfp: C\u00f9ng s\u1ef1 hi\u1ec7n di\u1ec7n&hellip;<\/p><p class=\"wp-block-post-excerpt__more-text\"><a class=\"wp-block-post-excerpt__more-link\" href=\"https:\/\/stemcellinnovation.com.vn\/2024\/2024\/12\/16\/tong-ket-cuoc-thi-sang-tao-te-bao-goc-lan-thu-9-stem-cell-innovation-2024\/\">Xem ti\u1ebfp &#8230;<\/a><\/p><\/div><\/div>\n<\/div>\n\n<\/li><li class=\"wp-block-post post-388 post type-post status-publish format-standard has-post-thumbnail hentry category-thong-bao category-tin-tuc\">\n\n<div class=\"wp-block-columns alignwide is-layout-flex wp-container-core-columns-is-layout-28f84493 wp-block-columns-is-layout-flex\">\n<div class=\"wp-block-column is-layout-flow wp-block-column-is-layout-flow\"><figure class=\"wp-block-post-featured-image\"><a href=\"https:\/\/stemcellinnovation.com.vn\/2024\/2024\/12\/07\/cong-bo-hoi-dong-giam-khao-vong-chung-ket-cuoc-thi-stem-cell-innovation-2024\/\" target=\"_self\"  ><img loading=\"lazy\" decoding=\"async\" width=\"2560\" height=\"2146\" src=\"https:\/\/stemcellinnovation.com.vn\/2024\/wp-content\/uploads\/sites\/12\/2024\/12\/IMG_1823-scaled.jpeg\" class=\"attachment-post-thumbnail size-post-thumbnail wp-post-image\" alt=\"C\u00d4NG B\u1ed0 H\u1ed8I \u0110\u1ed2NG GI\u00c1M KH\u1ea2O V\u00d2NG CHUNG K\u1ebeT CU\u1ed8C THI STEM CELL INNOVATION 2024\" style=\"object-fit:cover;\" srcset=\"https:\/\/stemcellinnovation.com.vn\/2024\/wp-content\/uploads\/sites\/12\/2024\/12\/IMG_1823-scaled.jpeg 2560w, https:\/\/stemcellinnovation.com.vn\/2024\/wp-content\/uploads\/sites\/12\/2024\/12\/IMG_1823-300x251.jpeg 300w, https:\/\/stemcellinnovation.com.vn\/2024\/wp-content\/uploads\/sites\/12\/2024\/12\/IMG_1823-1024x858.jpeg 1024w, https:\/\/stemcellinnovation.com.vn\/2024\/wp-content\/uploads\/sites\/12\/2024\/12\/IMG_1823-768x644.jpeg 768w, https:\/\/stemcellinnovation.com.vn\/2024\/wp-content\/uploads\/sites\/12\/2024\/12\/IMG_1823-1536x1288.jpeg 1536w, https:\/\/stemcellinnovation.com.vn\/2024\/wp-content\/uploads\/sites\/12\/2024\/12\/IMG_1823-2048x1717.jpeg 2048w\" sizes=\"auto, (max-width: 2560px) 100vw, 2560px\" \/><\/a><\/figure><\/div>\n\n\n\n<div class=\"wp-block-column is-layout-flow wp-block-column-is-layout-flow\"><h3 class=\"wp-block-post-title\"><a href=\"https:\/\/stemcellinnovation.com.vn\/2024\/2024\/12\/07\/cong-bo-hoi-dong-giam-khao-vong-chung-ket-cuoc-thi-stem-cell-innovation-2024\/\" target=\"_self\" >C\u00d4NG B\u1ed0 H\u1ed8I \u0110\u1ed2NG GI\u00c1M KH\u1ea2O V\u00d2NG CHUNG K\u1ebeT CU\u1ed8C THI STEM CELL INNOVATION 2024<\/a><\/h3>\n\n<div class=\"wp-block-post-excerpt\"><p class=\"wp-block-post-excerpt__excerpt\">V\u00f2ng Chung k\u1ebft Cu\u1ed9c thi STEM CELL INNOVATION 2024 h\u1ee9a h\u1eb9n s\u1ebd l\u00e0 m\u1ed9t h\u00e0nh tr\u00ecnh \u0111\u1ea7y k\u1ecbch t\u00ednh, n\u01a1i c\u00e1c \u0111\u1ed9i thi xu\u1ea5t s\u1eafc nh\u1ea5t c\u00f9ng tranh t\u00e0i \u0111\u1ec3 tr\u00ecnh b\u00e0y nh\u1eefng \u00fd t\u01b0\u1edfng s\u00e1ng t\u1ea1o \u0111\u1ed9t ph\u00e1. \u0110\u1ec3 \u0111\u1ea3m b\u1ea3o \u0111\u00e1nh gi\u00e1 to\u00e0n di\u1ec7n v\u00e0 chuy\u00ean s\u00e2u v\u1ec1 c\u00e1c d\u1ef1 \u00e1n c\u1ee7a th\u00ed&hellip;<\/p><p class=\"wp-block-post-excerpt__more-text\"><a class=\"wp-block-post-excerpt__more-link\" href=\"https:\/\/stemcellinnovation.com.vn\/2024\/2024\/12\/07\/cong-bo-hoi-dong-giam-khao-vong-chung-ket-cuoc-thi-stem-cell-innovation-2024\/\">Xem ti\u1ebfp &#8230;<\/a><\/p><\/div><\/div>\n<\/div>\n\n<\/li><\/ul><\/div>\n<\/div>\n<\/div>\n\n\n\n<div class=\"wp-block-buttons is-content-justification-center is-layout-flex wp-container-core-buttons-is-layout-a89b3969 wp-block-buttons-is-layout-flex\">\n<div class=\"wp-block-button\"><a class=\"wp-block-button__link wp-element-button\" href=\"https:\/\/stemcellinnovation.com.vn\/2024\/category\/tin-tuc\/\">Xem t\u1ea5t c\u1ea3 &#8230;<\/a><\/div>\n<\/div>\n<\/div>\n<\/div>\n","protected":false},"excerpt":{"rendered":"<p>TH\u00d4NG B\u00c1O TIN T\u1ee8C<\/p>\n","protected":false},"author":1,"featured_media":0,"parent":0,"menu_order":0,"comment_status":"closed","ping_status":"closed","template":"custom-without-title","meta":{"_eb_attr":"","footnotes":""},"class_list":["post-14","page","type-page","status-publish","hentry"],"jetpack-related-posts":[],"jetpack_sharing_enabled":true,"_links":{"self":[{"href":"https:\/\/stemcellinnovation.com.vn\/2024\/wp-json\/wp\/v2\/pages\/14","targetHints":{"allow":["GET"]}}],"collection":[{"href":"https:\/\/stemcellinnovation.com.vn\/2024\/wp-json\/wp\/v2\/pages"}],"about":[{"href":"https:\/\/stemcellinnovation.com.vn\/2024\/wp-json\/wp\/v2\/types\/page"}],"author":[{"embeddable":true,"href":"https:\/\/stemcellinnovation.com.vn\/2024\/wp-json\/wp\/v2\/users\/1"}],"replies":[{"embeddable":true,"href":"https:\/\/stemcellinnovation.com.vn\/2024\/wp-json\/wp\/v2\/comments?post=14"}],"version-history":[{"count":6,"href":"https:\/\/stemcellinnovation.com.vn\/2024\/wp-json\/wp\/v2\/pages\/14\/revisions"}],"predecessor-version":[{"id":402,"href":"https:\/\/stemcellinnovation.com.vn\/2024\/wp-json\/wp\/v2\/pages\/14\/revisions\/402"}],"wp:attachment":[{"href":"https:\/\/stemcellinnovation.com.vn\/2024\/wp-json\/wp\/v2\/media?parent=14"}],"curies":[{"name":"wp","href":"https:\/\/api.w.org\/{rel}","templated":true}]}}