{"id":24,"date":"2023-08-13T17:42:28","date_gmt":"2023-08-13T17:42:28","guid":{"rendered":"https:\/\/home.stemcellinnovation.com.vn\/2023\/?page_id=24"},"modified":"2024-12-07T14:45:59","modified_gmt":"2024-12-07T07:45:59","slug":"nha-tai-tro","status":"publish","type":"page","link":"https:\/\/stemcellinnovation.com.vn\/2023\/nha-tai-tro\/","title":{"rendered":"Nh\u00e0 t\u00e0i tr\u1ee3"},"content":{"rendered":"\n<div class=\"wp-block-group alignwide has-global-padding is-layout-constrained wp-block-group-is-layout-constrained\">\n<h2 class=\"wp-block-heading has-text-align-center\" style=\"line-height:1.5\">CH\u00c2N TH\u00c0NH C\u1ea2M \u01a0N C\u00c1C NH\u00c0 T\u00c0I TR\u1ee2<br>\u0110\u00c3 \u0110\u1ed2NG H\u00c0NH C\u00d9NG CU\u1ed8C THI<br>S\u00c1NG T\u1ea0O T\u1ebe B\u00c0O G\u1ed0C L\u1ea6N 8 &#8211; 2023<\/h2>\n\n\n\n<div class=\"wp-block-group alignwide is-layout-flow wp-block-group-is-layout-flow\">\n<figure data-wp-context=\"{&quot;imageId&quot;:&quot;69f39c75c871e&quot;}\" data-wp-interactive=\"core\/image\" class=\"wp-block-image aligncenter size-full wp-lightbox-container\"><img loading=\"lazy\" decoding=\"async\" width=\"2268\" height=\"1134\" data-wp-class--hide=\"state.isContentHidden\" data-wp-class--show=\"state.isContentVisible\" data-wp-init=\"callbacks.setButtonStyles\" data-wp-on-async--click=\"actions.showLightbox\" data-wp-on-async--load=\"callbacks.setButtonStyles\" data-wp-on-async-window--resize=\"callbacks.setButtonStyles\" src=\"https:\/\/stemcellinnovation.com.vn\/2023\/wp-content\/uploads\/sites\/2\/2023\/11\/MAN-HINH-LED-5.png\" alt=\"\" class=\"wp-image-411\" srcset=\"https:\/\/stemcellinnovation.com.vn\/2023\/wp-content\/uploads\/sites\/2\/2023\/11\/MAN-HINH-LED-5.png 2268w, https:\/\/stemcellinnovation.com.vn\/2023\/wp-content\/uploads\/sites\/2\/2023\/11\/MAN-HINH-LED-5-300x150.png 300w, https:\/\/stemcellinnovation.com.vn\/2023\/wp-content\/uploads\/sites\/2\/2023\/11\/MAN-HINH-LED-5-1024x512.png 1024w, https:\/\/stemcellinnovation.com.vn\/2023\/wp-content\/uploads\/sites\/2\/2023\/11\/MAN-HINH-LED-5-768x384.png 768w, https:\/\/stemcellinnovation.com.vn\/2023\/wp-content\/uploads\/sites\/2\/2023\/11\/MAN-HINH-LED-5-1536x768.png 1536w, https:\/\/stemcellinnovation.com.vn\/2023\/wp-content\/uploads\/sites\/2\/2023\/11\/MAN-HINH-LED-5-2048x1024.png 2048w\" sizes=\"auto, (max-width: 2268px) 100vw, 2268px\" \/><button\n\t\t\tclass=\"lightbox-trigger\"\n\t\t\ttype=\"button\"\n\t\t\taria-haspopup=\"dialog\"\n\t\t\taria-label=\"Enlarge\"\n\t\t\tdata-wp-init=\"callbacks.initTriggerButton\"\n\t\t\tdata-wp-on-async--click=\"actions.showLightbox\"\n\t\t\tdata-wp-style--right=\"state.imageButtonRight\"\n\t\t\tdata-wp-style--top=\"state.imageButtonTop\"\n\t\t>\n\t\t\t<svg xmlns=\"http:\/\/www.w3.org\/2000\/svg\" width=\"12\" height=\"12\" fill=\"none\" viewBox=\"0 0 12 12\">\n\t\t\t\t<path fill=\"#fff\" d=\"M2 0a2 2 0 0 0-2 2v2h1.5V2a.5.5 0 0 1 .5-.5h2V0H2Zm2 10.5H2a.5.5 0 0 1-.5-.5V8H0v2a2 2 0 0 0 2 2h2v-1.5ZM8 12v-1.5h2a.5.5 0 0 0 .5-.5V8H12v2a2 2 0 0 1-2 2H8Zm2-12a2 2 0 0 1 2 2v2h-1.5V2a.5.5 0 0 0-.5-.5H8V0h2Z\" \/>\n\t\t\t<\/svg>\n\t\t<\/button><\/figure>\n<\/div>\n<\/div>\n","protected":false},"excerpt":{"rendered":"<p>CH\u00c2N TH\u00c0NH C\u1ea2M \u01a0N C\u00c1C NH\u00c0 T\u00c0I TR\u1ee2\u0110\u00c3 \u0110\u1ed2NG H\u00c0NH C\u00d9NG CU\u1ed8C THIS\u00c1NG T\u1ea0O T\u1ebe B\u00c0O G\u1ed0C L\u1ea6N 8 &#8211; 2023<\/p>\n","protected":false},"author":1,"featured_media":0,"parent":0,"menu_order":0,"comment_status":"closed","ping_status":"closed","template":"custom-without-title","meta":{"footnotes":""},"class_list":["post-24","page","type-page","status-publish","hentry"],"_links":{"self":[{"href":"https:\/\/stemcellinnovation.com.vn\/2023\/wp-json\/wp\/v2\/pages\/24","targetHints":{"allow":["GET"]}}],"collection":[{"href":"https:\/\/stemcellinnovation.com.vn\/2023\/wp-json\/wp\/v2\/pages"}],"about":[{"href":"https:\/\/stemcellinnovation.com.vn\/2023\/wp-json\/wp\/v2\/types\/page"}],"author":[{"embeddable":true,"href":"https:\/\/stemcellinnovation.com.vn\/2023\/wp-json\/wp\/v2\/users\/1"}],"replies":[{"embeddable":true,"href":"https:\/\/stemcellinnovation.com.vn\/2023\/wp-json\/wp\/v2\/comments?post=24"}],"version-history":[{"count":6,"href":"https:\/\/stemcellinnovation.com.vn\/2023\/wp-json\/wp\/v2\/pages\/24\/revisions"}],"predecessor-version":[{"id":587,"href":"https:\/\/stemcellinnovation.com.vn\/2023\/wp-json\/wp\/v2\/pages\/24\/revisions\/587"}],"wp:attachment":[{"href":"https:\/\/stemcellinnovation.com.vn\/2023\/wp-json\/wp\/v2\/media?parent=24"}],"curies":[{"name":"wp","href":"https:\/\/api.w.org\/{rel}","templated":true}]}}